{"id":1220,"date":"2020-02-23T20:20:08","date_gmt":"2020-02-23T20:20:08","guid":{"rendered":"https:\/\/pelia-organic.com\/kontakt-2\/"},"modified":"2021-01-28T10:18:32","modified_gmt":"2021-01-28T09:18:32","slug":"contact","status":"publish","type":"page","link":"https:\/\/pelia-organic.com\/en\/contact\/","title":{"rendered":"Contact"},"content":{"rendered":"<p>[vc_row el_id=&#8221;page-kontakt&#8221;][vc_column][vc_row_inner el_id=&#8221;kontakt-form&#8221;][vc_column_inner width=&#8221;1\/2&#8243;][vc_custom_heading text=&#8221;Contact us&#8221; css=&#8221;.vc_custom_1596449074192{padding-bottom: 1.5em !important;}&#8221;][vc_column_text]We love to hear from our customers! Use this form to<br \/>\nget in touch and we\u2019ll get back to you as soon as we<br \/>\ncan.<\/p>\n<p>&nbsp;<\/p>\n<p>Pelia Organic d. o. o.<br \/>\nUlica \u0161kofa Maksimilijana Dr\u017ee\u010dnika 6<br \/>\nSI-2000 Maribor, EU<\/p>\n<p>&nbsp;<\/p>\n<p>info@pelia-organic.com[\/vc_column_text][\/vc_column_inner][vc_column_inner width=&#8221;1\/2&#8243; el_id=&#8221;forma&#8221;]\n<div class=\"wpcf7 no-js\" id=\"wpcf7-f296-o1\" lang=\"en-US\" dir=\"ltr\">\n<div class=\"screen-reader-response\"><p role=\"status\" aria-live=\"polite\" aria-atomic=\"true\"><\/p> <ul><\/ul><\/div>\n<form action=\"\/en\/wp-json\/wp\/v2\/pages\/1220#wpcf7-f296-o1\" method=\"post\" class=\"wpcf7-form init\" aria-label=\"Contact form\" novalidate=\"novalidate\" data-status=\"init\">\n<div style=\"display: none;\">\n<input type=\"hidden\" name=\"_wpcf7\" value=\"296\" \/>\n<input type=\"hidden\" name=\"_wpcf7_version\" value=\"5.7.4\" \/>\n<input type=\"hidden\" name=\"_wpcf7_locale\" value=\"en_US\" \/>\n<input type=\"hidden\" name=\"_wpcf7_unit_tag\" value=\"wpcf7-f296-o1\" \/>\n<input type=\"hidden\" name=\"_wpcf7_container_post\" value=\"0\" \/>\n<input type=\"hidden\" name=\"_wpcf7_posted_data_hash\" value=\"\" \/>\n<input type=\"hidden\" name=\"_wpcf7_recaptcha_response\" value=\"\" \/>\n<\/div>\n<p><label> Name and surname<br \/>\n<span class=\"wpcf7-form-control-wrap\" data-name=\"your-name\"><input size=\"40\" class=\"wpcf7-form-control wpcf7-text wpcf7-validates-as-required\" aria-required=\"true\" aria-invalid=\"false\" value=\"\" type=\"text\" name=\"your-name\" \/><\/span> <\/label>\n<\/p>\n<p><label> E-mail<br \/>\n<span class=\"wpcf7-form-control-wrap\" data-name=\"your-email\"><input size=\"40\" class=\"wpcf7-form-control wpcf7-text wpcf7-email wpcf7-validates-as-required wpcf7-validates-as-email\" aria-required=\"true\" aria-invalid=\"false\" value=\"\" type=\"email\" name=\"your-email\" \/><\/span> <\/label><br \/>\n<label> Phone<br \/>\n<span class=\"wpcf7-form-control-wrap\" data-name=\"tel-758\"><input size=\"40\" class=\"wpcf7-form-control wpcf7-text wpcf7-tel wpcf7-validates-as-tel\" aria-invalid=\"false\" value=\"\" type=\"tel\" name=\"tel-758\" \/><\/span> <\/label>\n<\/p>\n<p><label> Message<br \/>\n<span class=\"wpcf7-form-control-wrap\" data-name=\"your-message\"><textarea cols=\"40\" rows=\"10\" class=\"wpcf7-form-control wpcf7-textarea wpcf7-validates-as-required\" aria-required=\"true\" aria-invalid=\"false\" name=\"your-message\"><\/textarea><\/span> <\/label>\n<\/p>\n<p><input class=\"wpcf7-form-control has-spinner wpcf7-submit\" type=\"submit\" value=\"Send\" \/>\n<\/p><div class=\"wpcf7-response-output\" aria-hidden=\"true\"><\/div>\n<\/form>\n<\/div>\n[\/vc_column_inner][\/vc_row_inner][\/vc_column][\/vc_row]<\/p>\n","protected":false},"excerpt":{"rendered":"<p>[vc_row el_id=&#8221;page-kontakt&#8221;][vc_column][vc_row_inner el_id=&#8221;kontakt-form&#8221;][vc_column_inner width=&#8221;1\/2&#8243;][vc_custom_heading text=&#8221;Contact us&#8221; css=&#8221;.vc_custom_1596449074192{padding-bottom: 1.5em !important;}&#8221;][vc_column_text]We love to hear from our customers! Use this form to get&#8230;<\/p>\n","protected":false},"author":3,"featured_media":0,"parent":0,"menu_order":0,"comment_status":"closed","ping_status":"closed","template":"fullwidth.php","meta":[],"acf":[],"yoast_head":"<!-- This site is optimized with the Yoast SEO plugin v20.2.1 - https:\/\/yoast.com\/wordpress\/plugins\/seo\/ -->\n<title>Contact - Pelia Organic<\/title>\n<meta name=\"robots\" content=\"index, follow, max-snippet:-1, max-image-preview:large, max-video-preview:-1\" \/>\n<link rel=\"canonical\" href=\"https:\/\/pelia-organic.com\/en\/contact\/\" \/>\n<meta property=\"og:locale\" content=\"en_US\" \/>\n<meta property=\"og:type\" content=\"article\" \/>\n<meta property=\"og:title\" content=\"Contact - Pelia Organic\" \/>\n<meta property=\"og:description\" content=\"[vc_row el_id=&#8221;page-kontakt&#8221;][vc_column][vc_row_inner el_id=&#8221;kontakt-form&#8221;][vc_column_inner width=&#8221;1\/2&#8243;][vc_custom_heading text=&#8221;Contact us&#8221; css=&#8221;.vc_custom_1596449074192{padding-bottom: 1.5em !important;}&#8221;][vc_column_text]We love to hear from our customers! Use this form to get...\" \/>\n<meta property=\"og:url\" content=\"https:\/\/pelia-organic.com\/en\/contact\/\" \/>\n<meta property=\"og:site_name\" content=\"Pelia Organic\" \/>\n<meta property=\"article:modified_time\" content=\"2021-01-28T09:18:32+00:00\" \/>\n<meta name=\"twitter:card\" content=\"summary_large_image\" \/>\n<meta name=\"twitter:label1\" content=\"Est. reading time\" \/>\n\t<meta name=\"twitter:data1\" content=\"1 minute\" \/>\n<script type=\"application\/ld+json\" class=\"yoast-schema-graph\">{\"@context\":\"https:\/\/schema.org\",\"@graph\":[{\"@type\":\"WebPage\",\"@id\":\"https:\/\/pelia-organic.com\/en\/contact\/\",\"url\":\"https:\/\/pelia-organic.com\/en\/contact\/\",\"name\":\"Contact - Pelia Organic\",\"isPartOf\":{\"@id\":\"https:\/\/pelia-organic.com\/en\/#website\"},\"datePublished\":\"2020-02-23T20:20:08+00:00\",\"dateModified\":\"2021-01-28T09:18:32+00:00\",\"breadcrumb\":{\"@id\":\"https:\/\/pelia-organic.com\/en\/contact\/#breadcrumb\"},\"inLanguage\":\"en-US\",\"potentialAction\":[{\"@type\":\"ReadAction\",\"target\":[\"https:\/\/pelia-organic.com\/en\/contact\/\"]}]},{\"@type\":\"BreadcrumbList\",\"@id\":\"https:\/\/pelia-organic.com\/en\/contact\/#breadcrumb\",\"itemListElement\":[{\"@type\":\"ListItem\",\"position\":1,\"name\":\"Home\",\"item\":\"https:\/\/pelia-organic.com\/en\/\"},{\"@type\":\"ListItem\",\"position\":2,\"name\":\"Contact\"}]},{\"@type\":\"WebSite\",\"@id\":\"https:\/\/pelia-organic.com\/en\/#website\",\"url\":\"https:\/\/pelia-organic.com\/en\/\",\"name\":\"Pelia Organic\",\"description\":\"Handcrafted organic exfoliators\",\"potentialAction\":[{\"@type\":\"SearchAction\",\"target\":{\"@type\":\"EntryPoint\",\"urlTemplate\":\"https:\/\/pelia-organic.com\/en\/?s={search_term_string}\"},\"query-input\":\"required name=search_term_string\"}],\"inLanguage\":\"en-US\"}]}<\/script>\n<!-- \/ Yoast SEO plugin. -->","yoast_head_json":{"title":"Contact - Pelia Organic","robots":{"index":"index","follow":"follow","max-snippet":"max-snippet:-1","max-image-preview":"max-image-preview:large","max-video-preview":"max-video-preview:-1"},"canonical":"https:\/\/pelia-organic.com\/en\/contact\/","og_locale":"en_US","og_type":"article","og_title":"Contact - Pelia Organic","og_description":"[vc_row el_id=&#8221;page-kontakt&#8221;][vc_column][vc_row_inner el_id=&#8221;kontakt-form&#8221;][vc_column_inner width=&#8221;1\/2&#8243;][vc_custom_heading text=&#8221;Contact us&#8221; css=&#8221;.vc_custom_1596449074192{padding-bottom: 1.5em !important;}&#8221;][vc_column_text]We love to hear from our customers! Use this form to get...","og_url":"https:\/\/pelia-organic.com\/en\/contact\/","og_site_name":"Pelia Organic","article_modified_time":"2021-01-28T09:18:32+00:00","twitter_card":"summary_large_image","twitter_misc":{"Est. reading time":"1 minute"},"schema":{"@context":"https:\/\/schema.org","@graph":[{"@type":"WebPage","@id":"https:\/\/pelia-organic.com\/en\/contact\/","url":"https:\/\/pelia-organic.com\/en\/contact\/","name":"Contact - Pelia Organic","isPartOf":{"@id":"https:\/\/pelia-organic.com\/en\/#website"},"datePublished":"2020-02-23T20:20:08+00:00","dateModified":"2021-01-28T09:18:32+00:00","breadcrumb":{"@id":"https:\/\/pelia-organic.com\/en\/contact\/#breadcrumb"},"inLanguage":"en-US","potentialAction":[{"@type":"ReadAction","target":["https:\/\/pelia-organic.com\/en\/contact\/"]}]},{"@type":"BreadcrumbList","@id":"https:\/\/pelia-organic.com\/en\/contact\/#breadcrumb","itemListElement":[{"@type":"ListItem","position":1,"name":"Home","item":"https:\/\/pelia-organic.com\/en\/"},{"@type":"ListItem","position":2,"name":"Contact"}]},{"@type":"WebSite","@id":"https:\/\/pelia-organic.com\/en\/#website","url":"https:\/\/pelia-organic.com\/en\/","name":"Pelia Organic","description":"Handcrafted organic exfoliators","potentialAction":[{"@type":"SearchAction","target":{"@type":"EntryPoint","urlTemplate":"https:\/\/pelia-organic.com\/en\/?s={search_term_string}"},"query-input":"required name=search_term_string"}],"inLanguage":"en-US"}]}},"_links":{"self":[{"href":"https:\/\/pelia-organic.com\/en\/wp-json\/wp\/v2\/pages\/1220"}],"collection":[{"href":"https:\/\/pelia-organic.com\/en\/wp-json\/wp\/v2\/pages"}],"about":[{"href":"https:\/\/pelia-organic.com\/en\/wp-json\/wp\/v2\/types\/page"}],"author":[{"embeddable":true,"href":"https:\/\/pelia-organic.com\/en\/wp-json\/wp\/v2\/users\/3"}],"replies":[{"embeddable":true,"href":"https:\/\/pelia-organic.com\/en\/wp-json\/wp\/v2\/comments?post=1220"}],"version-history":[{"count":0,"href":"https:\/\/pelia-organic.com\/en\/wp-json\/wp\/v2\/pages\/1220\/revisions"}],"wp:attachment":[{"href":"https:\/\/pelia-organic.com\/en\/wp-json\/wp\/v2\/media?parent=1220"}],"curies":[{"name":"wp","href":"https:\/\/api.w.org\/{rel}","templated":true}]}}